{"id":2780,"date":"2019-11-12T13:41:37","date_gmt":"2019-11-12T12:41:37","guid":{"rendered":"https:\/\/www.mascato.com\/trabaja-con-nosotros\/"},"modified":"2019-12-18T12:39:03","modified_gmt":"2019-12-18T11:39:03","slug":"travaillez-avec-nous","status":"publish","type":"page","link":"https:\/\/www.mascato.com\/fr\/travaillez-avec-nous\/","title":{"rendered":"Travaillez avec nous"},"content":{"rendered":"\n<!--<div class=\"\">\n\t<\/div>-->\n\n\n<!-- HERO -->\n<div class=\"bloque bloque-hero bloque-hero-secciones miga-mini\">\n\n\t<div class=\"container-svg\">\n\n\t\t\t\t<div class=\"video_contain\">\n\t        <video id=\"bgvid\" autoplay playsinline muted loop preload>\n\t            <source src=\"https:\/\/www.mascato.com\/wp-content\/uploads\/2019\/09\/mar.mp4\" type=\"video\/mp4\">\n\t        <\/video>\n\t    <\/div>\n\t\t\n\t\t<svg xmlns=\"http:\/\/www.w3.org\/2000\/svg\" viewBox=\"0 0 285 160\" preserveAspectRatio=\"xMidYMid slice\">\n\t\t    <defs>\n\t\t    \t<mask id=\"mask\" x=\"0\" y=\"0\" width=\"100%\" height=\"100%\" >\n\t\t      \t\t<rect x=\"0\" y=\"0\" width=\"100%\" height=\"100%\" \/>\n\t\t    \t\t<text class=\"claim h1\" x=\"50%\" y=\"23\">\n\t\t    \t\t\tTravaillez \t\t    \t\t<\/text>\n\t\t    \t\t<text class=\"claim h2\" x=\"50%\" y=\"40\">\n\t\t    \t\t\tavec nous\t\t    \t\t<\/text>\n\t\t      \t<\/mask>\n\t\t  \t<\/defs>\n\t\t\t<rect x=\"0\" y=\"0\" width=\"100%\" height=\"100%\" \/>\n\t\t<\/svg>\t\t\n\n\t\t<script type=\"text\/javascript\">\n\t\t\tconst video = document.querySelector(\"video\");\n\t\t\tif (window.matchMedia('(prefers-reduced-motion)').matches) {\t\t\t\t\n\t\t\t  video.removeAttribute(\"autoplay\");\n\t\t\t  video.pause();\n\t\t\t}\n\t\t\tjQuery( document ).ready(function() {\n\n\t\t\t\tif ( jQuery('body').width() <= 500 ){\n\t\t\t\t\t\n\t\t\t     \tjQuery( '.claim.h1' ).attr({\n\t\t\t     \t\t'x':'50%',\n\t\t\t     \t\t'y':'40%'\n\t\t\t     \t});\n\n\t\t\t     \tjQuery( '.claim.h2' ).attr({\n\t\t\t     \t\t'x':'50%',\n\t\t\t     \t\t'y':'60%'\n\t\t\t     \t});\n\n\t\t\t    } \n\n\t\t\t});\n\t\t<\/script>\n\n\t<\/div>\n\n<\/div>\n\n\n<div class=\"wp-block-hacce-wrapper container-padding position-relative\"><div class=\"container\">\n<div class=\"wpcf7 no-js\" id=\"wpcf7-f2738-o1\" lang=\"es-ES\" dir=\"ltr\" data-wpcf7-id=\"2738\">\n<div class=\"screen-reader-response\"><p role=\"status\" aria-live=\"polite\" aria-atomic=\"true\"><\/p> <ul><\/ul><\/div>\n<form action=\"\/fr\/wp-json\/wp\/v2\/pages\/2780#wpcf7-f2738-o1\" method=\"post\" class=\"wpcf7-form init\" aria-label=\"Formulario de contacto\" enctype=\"multipart\/form-data\" novalidate=\"novalidate\" data-status=\"init\">\n<fieldset class=\"hidden-fields-container\"><input type=\"hidden\" name=\"_wpcf7\" value=\"2738\" \/><input type=\"hidden\" name=\"_wpcf7_version\" value=\"6.1.3\" \/><input type=\"hidden\" name=\"_wpcf7_locale\" value=\"es_ES\" \/><input type=\"hidden\" name=\"_wpcf7_unit_tag\" value=\"wpcf7-f2738-o1\" \/><input type=\"hidden\" name=\"_wpcf7_container_post\" value=\"0\" \/><input type=\"hidden\" name=\"_wpcf7_posted_data_hash\" value=\"\" \/>\n<\/fieldset>\n<div class=\"row justify-content-center formTrabajo\">\n<div class=\"col-xl-8\">\n<div class=\"row\">\n<div class=\"form-group col-md-6\">\n<label>Pr\u00e9nom *<\/label>\n<input size=\"40\" maxlength=\"400\" class=\"wpcf7-form-control wpcf7-text wpcf7-validates-as-required form-control\" aria-required=\"true\" aria-invalid=\"false\" value=\"\" type=\"text\" name=\"nombre\" \/>\n<\/div>\n<div class=\"form-group col-md-6\">\n<label>Nom de famille *<\/label>\n<input size=\"40\" maxlength=\"400\" class=\"wpcf7-form-control wpcf7-text wpcf7-validates-as-required form-control\" aria-required=\"true\" aria-invalid=\"false\" value=\"\" type=\"text\" name=\"apellidos\" \/>\n<\/div>\n<div class=\"form-group col-md-6\">\n<label>Courriel *<\/label>\n<input size=\"40\" maxlength=\"400\" class=\"wpcf7-form-control wpcf7-email wpcf7-validates-as-required wpcf7-text wpcf7-validates-as-email form-control\" aria-required=\"true\" aria-invalid=\"false\" value=\"\" type=\"email\" name=\"email\" \/>\n<\/div>\n<div class=\"form-group col-md-6\">\n<label>T\u00e9l\u00e9phone *<\/label>\n<input size=\"40\" maxlength=\"400\" class=\"wpcf7-form-control wpcf7-text wpcf7-validates-as-required form-control\" aria-required=\"true\" aria-invalid=\"false\" value=\"\" type=\"text\" name=\"telefono\" \/>\n<\/div>\n<div class=\"form-group col-md-12\">\n<label>Commentaire<\/label>\n<textarea cols=\"40\" rows=\"10\" maxlength=\"2000\" class=\"wpcf7-form-control wpcf7-textarea form-control\" aria-invalid=\"false\" name=\"observaciones\"><\/textarea>\n<\/div>\n<div class=\"form-group col-md-12\">\n<label>Curriculum<small>(formato PDF, m\u00e1ximo 5Mb)<\/small> *<\/label>\n<input size=\"40\" class=\"wpcf7-form-control wpcf7-file wpcf7-validates-as-required form-control\" accept=\".pdf\" aria-required=\"true\" aria-invalid=\"false\" type=\"file\" name=\"cv\" \/>\n<\/div>\n<div class=\"form-group col-md-12 mt-3\">\n<span class=\"wpcf7-form-control wpcf7-acceptance\"><span class=\"wpcf7-list-item\"><label><input type=\"checkbox\" name=\"privacidad\" value=\"1\" aria-invalid=\"false\" \/><span class=\"wpcf7-list-item-label\">J'ai lu et j'accepte la <a href=\"https:\/\/www.mascato.com\/fr\/proteccion-de-datos\/\" target=\"_blank\">politique de confidentialit\u00e9<\/a><\/span><\/label><\/span><\/span>\n<\/div>\n<div class=\"form-group col-md-12\">\n<div class=\"privacidad\" style=\"display:block;\">\n<p class=\"small\">Aux effets \u00e9tablis dans le R\u00e8glement G\u00e9n\u00e9ral (UE) 2016\/679 de Protection des Donn\u00e9es, et dans la Loi Organique 3\/2018, du 5 d\u00e9cembre, de Protection des Donn\u00e9es \u00e0 Caract\u00e8re Personnel et garantie des droits num\u00e9riques MASCATO, S.A. avec le num\u00e9ro CIF B36777555 et adresse sociale dans C\/ Pontevedra, N\/4, 6-7, 36.201, Vigo (Pontevedra), vous informe qu'elle incorpore vos donn\u00e9es personnelles, ainsi que votre photographie, si vous nous les fournissez, y compris les donn\u00e9es consid\u00e9r\u00e9es comme sensibles que vous nous fournissez, \u00e0 un traitement de propri\u00e9t\u00e9 priv\u00e9e aux fins suivantes : \u00e9tablir et maintenir une relation contractuelle avec vous, \u00e9valuer son aptitude \u00e0 un emploi ou une t\u00e2che, ainsi que de vous informer des opportunit\u00e9s de travail et pour toutes fins autoris\u00e9es par la loi.<br><br>\n\nEn cas de modification de vos donn\u00e9es, veuillez-nous en informer. Si vous n'\u00eates pas d'accord avec l'un des points ci-dessus, veuillez-nous en aviser par \u00e9crit dans les 10 jours suivant la r\u00e9ception de cette communication.<br><br>\n\nNous vous informons \u00e9galement que votre CV sera conserv\u00e9 pendant une p\u00e9riode maximale de 2 ans et pourra \u00eatre d\u00e9truit \u00e0 tout moment s'il ne correspond pas au profil de l'entreprise.<br><br>\n\nVous pouvez exercer \u00e0 tout moment vos droits d'acc\u00e8s, de rectification, de suppression, de limitation, d'opposition et de portabilit\u00e9, ainsi que r\u00e9voquer le consentement donn\u00e9 dans chaque communication que vous recevez, par \u00e9crit, accompagn\u00e9 d'une copie du document officiel qui vous identifie \u00e0 l'adresse ci-dessus.<\/p>\n<\/div>\n<\/div>\n<div class=\"form-group col-md-12\">\n<div class=\"wpcf7-response-output\" aria-hidden=\"true\"><\/div>\n<input class=\"wpcf7-form-control wpcf7-submit has-spinner btn btn-sm\" type=\"submit\" value=\"Envoyer\" \/>\n<\/div>\n<\/div>\n<\/div>\n<\/div>\n<\/form>\n<\/div>\n<\/div><\/div>\n","protected":false},"excerpt":{"rendered":"","protected":false},"author":1,"featured_media":0,"parent":0,"menu_order":0,"comment_status":"closed","ping_status":"closed","template":"templates\/template-fullwidth.php","meta":{"_acf_changed":false,"footnotes":""},"class_list":["post-2780","page","type-page","status-publish","hentry"],"acf":[],"yoast_head":"<!-- This site is optimized with the Yoast SEO plugin v26.2 - https:\/\/yoast.com\/wordpress\/plugins\/seo\/ -->\n<title>Travaillez avec nous - Mascato<\/title>\n<meta name=\"robots\" content=\"index, follow, max-snippet:-1, max-image-preview:large, max-video-preview:-1\" \/>\n<link rel=\"canonical\" href=\"https:\/\/www.mascato.com\/fr\/travaillez-avec-nous\/\" \/>\n<meta property=\"og:locale\" content=\"fr_FR\" \/>\n<meta property=\"og:type\" content=\"article\" \/>\n<meta property=\"og:title\" content=\"Travaillez avec nous - Mascato\" \/>\n<meta property=\"og:url\" content=\"https:\/\/www.mascato.com\/fr\/travaillez-avec-nous\/\" \/>\n<meta property=\"og:site_name\" content=\"Mascato\" \/>\n<meta property=\"article:modified_time\" content=\"2019-12-18T11:39:03+00:00\" \/>\n<meta name=\"twitter:card\" content=\"summary_large_image\" \/>\n<script type=\"application\/ld+json\" class=\"yoast-schema-graph\">{\"@context\":\"https:\/\/schema.org\",\"@graph\":[{\"@type\":\"WebPage\",\"@id\":\"https:\/\/www.mascato.com\/fr\/travaillez-avec-nous\/\",\"url\":\"https:\/\/www.mascato.com\/fr\/travaillez-avec-nous\/\",\"name\":\"Travaillez avec nous - Mascato\",\"isPartOf\":{\"@id\":\"https:\/\/www.mascato.com\/fr\/#website\"},\"datePublished\":\"2019-11-12T12:41:37+00:00\",\"dateModified\":\"2019-12-18T11:39:03+00:00\",\"breadcrumb\":{\"@id\":\"https:\/\/www.mascato.com\/fr\/travaillez-avec-nous\/#breadcrumb\"},\"inLanguage\":\"fr-FR\",\"potentialAction\":[{\"@type\":\"ReadAction\",\"target\":[\"https:\/\/www.mascato.com\/fr\/travaillez-avec-nous\/\"]}]},{\"@type\":\"BreadcrumbList\",\"@id\":\"https:\/\/www.mascato.com\/fr\/travaillez-avec-nous\/#breadcrumb\",\"itemListElement\":[{\"@type\":\"ListItem\",\"position\":1,\"name\":\"Portada\",\"item\":\"https:\/\/www.mascato.com\/fr\/\"},{\"@type\":\"ListItem\",\"position\":2,\"name\":\"Travaillez avec nous\"}]},{\"@type\":\"WebSite\",\"@id\":\"https:\/\/www.mascato.com\/fr\/#website\",\"url\":\"https:\/\/www.mascato.com\/fr\/\",\"name\":\"Mascato\",\"description\":\"Somos una empresa dedicada a la pesca y comercializaci\u00f3n de productos del mar.\",\"publisher\":{\"@id\":\"https:\/\/www.mascato.com\/fr\/#organization\"},\"potentialAction\":[{\"@type\":\"SearchAction\",\"target\":{\"@type\":\"EntryPoint\",\"urlTemplate\":\"https:\/\/www.mascato.com\/fr\/?s={search_term_string}\"},\"query-input\":{\"@type\":\"PropertyValueSpecification\",\"valueRequired\":true,\"valueName\":\"search_term_string\"}}],\"inLanguage\":\"fr-FR\"},{\"@type\":\"Organization\",\"@id\":\"https:\/\/www.mascato.com\/fr\/#organization\",\"name\":\"MASCATO\",\"url\":\"https:\/\/www.mascato.com\/fr\/\",\"logo\":{\"@type\":\"ImageObject\",\"inLanguage\":\"fr-FR\",\"@id\":\"https:\/\/www.mascato.com\/fr\/#\/schema\/logo\/image\/\",\"url\":\"https:\/\/www.mascato.com\/wp-content\/uploads\/2019\/09\/logo-mascato.png\",\"contentUrl\":\"https:\/\/www.mascato.com\/wp-content\/uploads\/2019\/09\/logo-mascato.png\",\"width\":184,\"height\":82,\"caption\":\"MASCATO\"},\"image\":{\"@id\":\"https:\/\/www.mascato.com\/fr\/#\/schema\/logo\/image\/\"}}]}<\/script>\n<!-- \/ Yoast SEO plugin. -->","yoast_head_json":{"title":"Travaillez avec nous - Mascato","robots":{"index":"index","follow":"follow","max-snippet":"max-snippet:-1","max-image-preview":"max-image-preview:large","max-video-preview":"max-video-preview:-1"},"canonical":"https:\/\/www.mascato.com\/fr\/travaillez-avec-nous\/","og_locale":"fr_FR","og_type":"article","og_title":"Travaillez avec nous - Mascato","og_url":"https:\/\/www.mascato.com\/fr\/travaillez-avec-nous\/","og_site_name":"Mascato","article_modified_time":"2019-12-18T11:39:03+00:00","twitter_card":"summary_large_image","schema":{"@context":"https:\/\/schema.org","@graph":[{"@type":"WebPage","@id":"https:\/\/www.mascato.com\/fr\/travaillez-avec-nous\/","url":"https:\/\/www.mascato.com\/fr\/travaillez-avec-nous\/","name":"Travaillez avec nous - Mascato","isPartOf":{"@id":"https:\/\/www.mascato.com\/fr\/#website"},"datePublished":"2019-11-12T12:41:37+00:00","dateModified":"2019-12-18T11:39:03+00:00","breadcrumb":{"@id":"https:\/\/www.mascato.com\/fr\/travaillez-avec-nous\/#breadcrumb"},"inLanguage":"fr-FR","potentialAction":[{"@type":"ReadAction","target":["https:\/\/www.mascato.com\/fr\/travaillez-avec-nous\/"]}]},{"@type":"BreadcrumbList","@id":"https:\/\/www.mascato.com\/fr\/travaillez-avec-nous\/#breadcrumb","itemListElement":[{"@type":"ListItem","position":1,"name":"Portada","item":"https:\/\/www.mascato.com\/fr\/"},{"@type":"ListItem","position":2,"name":"Travaillez avec nous"}]},{"@type":"WebSite","@id":"https:\/\/www.mascato.com\/fr\/#website","url":"https:\/\/www.mascato.com\/fr\/","name":"Mascato","description":"Somos una empresa dedicada a la pesca y comercializaci\u00f3n de productos del mar.","publisher":{"@id":"https:\/\/www.mascato.com\/fr\/#organization"},"potentialAction":[{"@type":"SearchAction","target":{"@type":"EntryPoint","urlTemplate":"https:\/\/www.mascato.com\/fr\/?s={search_term_string}"},"query-input":{"@type":"PropertyValueSpecification","valueRequired":true,"valueName":"search_term_string"}}],"inLanguage":"fr-FR"},{"@type":"Organization","@id":"https:\/\/www.mascato.com\/fr\/#organization","name":"MASCATO","url":"https:\/\/www.mascato.com\/fr\/","logo":{"@type":"ImageObject","inLanguage":"fr-FR","@id":"https:\/\/www.mascato.com\/fr\/#\/schema\/logo\/image\/","url":"https:\/\/www.mascato.com\/wp-content\/uploads\/2019\/09\/logo-mascato.png","contentUrl":"https:\/\/www.mascato.com\/wp-content\/uploads\/2019\/09\/logo-mascato.png","width":184,"height":82,"caption":"MASCATO"},"image":{"@id":"https:\/\/www.mascato.com\/fr\/#\/schema\/logo\/image\/"}}]}},"featured_image_src":null,"featured_image_src_square":null,"_links":{"self":[{"href":"https:\/\/www.mascato.com\/fr\/wp-json\/wp\/v2\/pages\/2780","targetHints":{"allow":["GET"]}}],"collection":[{"href":"https:\/\/www.mascato.com\/fr\/wp-json\/wp\/v2\/pages"}],"about":[{"href":"https:\/\/www.mascato.com\/fr\/wp-json\/wp\/v2\/types\/page"}],"author":[{"embeddable":true,"href":"https:\/\/www.mascato.com\/fr\/wp-json\/wp\/v2\/users\/1"}],"replies":[{"embeddable":true,"href":"https:\/\/www.mascato.com\/fr\/wp-json\/wp\/v2\/comments?post=2780"}],"version-history":[{"count":3,"href":"https:\/\/www.mascato.com\/fr\/wp-json\/wp\/v2\/pages\/2780\/revisions"}],"predecessor-version":[{"id":3203,"href":"https:\/\/www.mascato.com\/fr\/wp-json\/wp\/v2\/pages\/2780\/revisions\/3203"}],"wp:attachment":[{"href":"https:\/\/www.mascato.com\/fr\/wp-json\/wp\/v2\/media?parent=2780"}],"curies":[{"name":"wp","href":"https:\/\/api.w.org\/{rel}","templated":true}]}}